{"id":2139,"date":"2025-12-07T13:31:09","date_gmt":"2025-12-07T13:31:09","guid":{"rendered":"https:\/\/escape-nights.com\/?post_type=product&#038;p=2139"},"modified":"2026-03-12T13:06:03","modified_gmt":"2026-03-12T13:06:03","slug":"mord-auf-gut-ravenwood-murder-mystery-detektiv-spiel","status":"publish","type":"product","link":"https:\/\/escape-nights.com\/de\/produkt\/mord-auf-gut-ravenwood-murder-mystery-detektiv-spiel\/","title":{"rendered":"Mord auf Gut Ravenwood | MURDER MYSTERY Detektiv Spiel"},"content":{"rendered":"<p>Hallo Detektive, ihr wurdet beauftragt, einen Mord in der Villa Ravenwood zu untersuchen. Das Opfer ist William Ravenwood, der schwerreiche Unternehmer und Besitzer des Anwesens. Die Familie des Opfers steht im Verdacht, etwas mit dem Mord zu tun zu haben und es ist eure Aufgabe, die Wahrheit ans Licht zu bringen.<br \/>\nUntersucht das alte Herrenhaus nach Hinweisen, um den Fall zu l\u00f6sen.<\/p>\n<p><strong>F\u00dcR WEN EIGNET SICH DAS SPIEL:<\/strong><br \/>\nDieses Spiel ist f\u00fcr 1-6 Spieler konzipiert.<br \/>\nDas Detektivspiel &#8222;Mord auf Gut Ravenwood&#8220; ist ein spannender Kriminalfall der am besten f\u00fcr Personen ab 14 Jahren geeignet ist, aber auch j\u00fcngere Spieler k\u00f6nnen mitmischen wenn sie etwas Unterst\u00fctzung von \u00e4lteren Spielern bekommen.<br \/>\nBesondere F\u00e4higkeiten oder Wissen werden nicht ben\u00f6tigt, nur Spa\u00df am Spielen. Unsere Spiele k\u00f6nnen von Anf\u00e4ngern und Profi-Spielern gespielt werden.<\/p>\n<p><strong>WAS IST ENTHALTEN:<\/strong><br \/>\n&#8211; Spielanleitung \/ Einf\u00fchrung (nat\u00fcrlich auf Deutsch)<br \/>\n&#8211; Das Spiel (nat\u00fcrlich auf Deutsch)<br \/>\n&#8211; Unsere Escape Nights App f\u00fcrs Handy (sowohl im AppStore als auch im GooglePlay Store verf\u00fcgbar)<br \/>\n&#8211; 1,5-2,5 Stunden R\u00e4tselspa\u00df<\/p>\n<p><strong>WIE FUNKTIONIERT ES:<\/strong><br \/>\nMit dem Spiel zu starten ist super einfach. Alles was getan werden muss ist, den Umschlag zu \u00f6ffnen, sobald er per Post eingegangen ist, unsere \u201eEscape Nights App\u201c herunterzuladen und schon kann es losgehen.<br \/>\nMeisten versenden wir das Spiel wenige Stunden nach dem Kauf. Per Post kann es dann 1-3 Tage dauern, bis das Spiel bei dir ist.<\/p>\n","protected":false},"excerpt":{"rendered":"<p>Hallo Detektive, ihr wurdet beauftragt, einen Mord in der Villa Ravenwood zu untersuchen. Das Opfer ist William Ravenwood, der schwerreiche Unternehmer und Besitzer des Anwesens. Die Familie des Opfers steht im Verdacht, etwas mit dem Mord zu tun zu haben und es ist eure Aufgabe, die Wahrheit ans Licht zu bringen.<br \/>\nUntersucht das alte Herrenhaus nach Hinweisen, um den Fall zu l\u00f6sen.<\/p>\n","protected":false},"featured_media":2141,"comment_status":"open","ping_status":"closed","template":"","meta":[],"product_brand":[],"product_cat":[],"product_tag":[],"class_list":{"0":"post-2139","1":"product","2":"type-product","3":"status-publish","4":"has-post-thumbnail","7":"first","8":"instock","9":"taxable","10":"shipping-taxable","11":"purchasable","12":"product-type-simple"},"_links":{"self":[{"href":"https:\/\/escape-nights.com\/de\/wp-json\/wp\/v2\/product\/2139","targetHints":{"allow":["GET"]}}],"collection":[{"href":"https:\/\/escape-nights.com\/de\/wp-json\/wp\/v2\/product"}],"about":[{"href":"https:\/\/escape-nights.com\/de\/wp-json\/wp\/v2\/types\/product"}],"replies":[{"embeddable":true,"href":"https:\/\/escape-nights.com\/de\/wp-json\/wp\/v2\/comments?post=2139"}],"wp:featuredmedia":[{"embeddable":true,"href":"https:\/\/escape-nights.com\/de\/wp-json\/wp\/v2\/media\/2141"}],"wp:attachment":[{"href":"https:\/\/escape-nights.com\/de\/wp-json\/wp\/v2\/media?parent=2139"}],"wp:term":[{"taxonomy":"product_brand","embeddable":true,"href":"https:\/\/escape-nights.com\/de\/wp-json\/wp\/v2\/product_brand?post=2139"},{"taxonomy":"product_cat","embeddable":true,"href":"https:\/\/escape-nights.com\/de\/wp-json\/wp\/v2\/product_cat?post=2139"},{"taxonomy":"product_tag","embeddable":true,"href":"https:\/\/escape-nights.com\/de\/wp-json\/wp\/v2\/product_tag?post=2139"}],"curies":[{"name":"wp","href":"https:\/\/api.w.org\/{rel}","templated":true}]}}