{"id":2124,"date":"2023-05-23T20:13:47","date_gmt":"2023-05-23T20:13:47","guid":{"rendered":"https:\/\/escape-nights.com\/product\/der-gefaengnisausbruch-digitale-version\/"},"modified":"2025-12-08T09:43:11","modified_gmt":"2025-12-08T09:43:11","slug":"der-gefaengnisausbruch-digitale-version","status":"publish","type":"product","link":"https:\/\/escape-nights.com\/de\/produkt\/der-gefaengnisausbruch-digitale-version\/","title":{"rendered":"Der Gef\u00e4ngnisausbruch &#8211; Digitale Version"},"content":{"rendered":"<p>Ein gro\u00dfer Juwelendiebstahl wurde euch nach gesagt und auch wenn es noch keine handfesten Beweise gibt, wurdet ihr zu lebenslanger Haft in einem Hochsicherheitsgef\u00e4ngnis verurteilt. Aber so eine ungerechtfertigte Inhaftierung wird euch nicht aufhalten! Ein mysteri\u00f6ser Verb\u00fcndeter von au\u00dfen konnte euch hier und da ein paar Hinweise ins Gef\u00e4ngnis schmuggeln, die euch bei eurer Flucht helfen werden.<\/p>\n<p>&nbsp;<\/p>\n<ul>\n<li>Eine beliebige Anzahl an G\u00e4sten kann mitspielen<\/li>\n<li>Bestes Preis-Leistungsverh\u00e4ltnis<\/li>\n<li>Umweltfreundlich<\/li>\n<li>Extrem praktisch und bequem<\/li>\n<\/ul>\n<h3><strong>Das ist die digitale Version. Das Spielmaterial muss selbst gedruckt werden! <\/strong><\/h3>\n<p><strong>Was braucht man zum Spielen?<\/strong><\/p>\n<ul>\n<li>Ein Handy oder Tablet mit Internetverbindung<\/li>\n<li>Unsere &#8222;Escape Nights&#8220; App<\/li>\n<li>Einen Stift und etwas Papier.<\/li>\n<li>Eine Schere<\/li>\n<\/ul>\n<p>&nbsp;<\/p>\n<p><strong>Was ist dabei?<\/strong><\/p>\n<ul>\n<li>Anleitung und Einf\u00fchrung zum Spiel<\/li>\n<li>Das spiel als PDF zum drucken.<\/li>\n<li>Unsere Escape Nights App, die kostenlos im Google Play Store und App store heruntergeladen werden kann.<\/li>\n<\/ul>\n","protected":false},"excerpt":{"rendered":"<p class=\"has-text-align-center has-medium-font-size\" style=\"text-align: left;\">Habt ihr das Zeug dazu, aus einem Hochsicherheitsgef\u00e4ngnis auszubrechen?<\/p>\n<p class=\"has-text-align-center has-medium-font-size\" style=\"text-align: left;\">Das Escape Spiel &#8222;Das Gef\u00e4ngnis&#8220; ist perfekt f\u00fcr alle, die bereit sind f\u00fcr einen spannenden Ausbruch aus dem Hochsicherheitsgef\u00e4ngnis!<\/p>\n<p style=\"text-align: left;\">\n","protected":false},"featured_media":1280,"comment_status":"open","ping_status":"closed","template":"","meta":[],"product_brand":[],"product_cat":[58],"product_tag":[],"class_list":{"0":"post-2124","1":"product","2":"type-product","3":"status-publish","4":"has-post-thumbnail","6":"product_cat-druckbares-escape-game","8":"first","9":"instock","10":"downloadable","11":"virtual","12":"sold-individually","13":"taxable","14":"purchasable","15":"product-type-simple"},"_links":{"self":[{"href":"https:\/\/escape-nights.com\/de\/wp-json\/wp\/v2\/product\/2124","targetHints":{"allow":["GET"]}}],"collection":[{"href":"https:\/\/escape-nights.com\/de\/wp-json\/wp\/v2\/product"}],"about":[{"href":"https:\/\/escape-nights.com\/de\/wp-json\/wp\/v2\/types\/product"}],"replies":[{"embeddable":true,"href":"https:\/\/escape-nights.com\/de\/wp-json\/wp\/v2\/comments?post=2124"}],"wp:featuredmedia":[{"embeddable":true,"href":"https:\/\/escape-nights.com\/de\/wp-json\/wp\/v2\/media\/1280"}],"wp:attachment":[{"href":"https:\/\/escape-nights.com\/de\/wp-json\/wp\/v2\/media?parent=2124"}],"wp:term":[{"taxonomy":"product_brand","embeddable":true,"href":"https:\/\/escape-nights.com\/de\/wp-json\/wp\/v2\/product_brand?post=2124"},{"taxonomy":"product_cat","embeddable":true,"href":"https:\/\/escape-nights.com\/de\/wp-json\/wp\/v2\/product_cat?post=2124"},{"taxonomy":"product_tag","embeddable":true,"href":"https:\/\/escape-nights.com\/de\/wp-json\/wp\/v2\/product_tag?post=2124"}],"curies":[{"name":"wp","href":"https:\/\/api.w.org\/{rel}","templated":true}]}}