{"id":1662,"date":"2023-10-26T15:20:41","date_gmt":"2023-10-26T15:20:41","guid":{"rendered":"https:\/\/escape-nights.com\/?post_type=product&#038;p=1662"},"modified":"2025-12-07T18:12:03","modified_gmt":"2025-12-07T18:12:03","slug":"mord-auf-gut-ravenwood","status":"publish","type":"product","link":"https:\/\/escape-nights.com\/de\/produkt\/mord-auf-gut-ravenwood\/","title":{"rendered":"Mord auf Gut Ravenwood &#8211; Digitale Version"},"content":{"rendered":"<p>Hallo Detektive, ihr wurdet beauftragt, einen Mord in der Villa Ravenwood zu untersuchen. Das Opfer ist William Ravenwood, der schwerreiche Unternehmer und Besitzer des Anwesens. Die Familie des Opfers steht im Verdacht, etwas mit dem Mord zu tun zu haben und es ist eure Aufgabe, die Wahrheit ans Licht zu bringen.<br \/>\nUntersucht das alte Herrenhaus nach Hinweisen, um den Fall zu l\u00f6sen.<\/p>\n<p>&nbsp;<\/p>\n<ul>\n<li>Eine beliebige Anzahl an G\u00e4sten kann mitspielen<\/li>\n<li>Bestes Preis-Leistungsverh\u00e4ltnis<\/li>\n<li>Umweltfreundlich<\/li>\n<li>Extrem praktisch und bequem<\/li>\n<\/ul>\n<h3><strong>Das ist die digitale Version. Das Spielmaterial muss selbst gedruckt werden!<\/strong><\/h3>\n<p><strong>Was braucht man zum Spielen?<\/strong><\/p>\n<ul>\n<li>Ein Handy oder Tablet mit Internetverbindung<\/li>\n<li>Unsere &#8222;Escape Nights&#8220; App. Die App Version f\u00fcr iPhone ist momentan noch NICHT verf\u00fcgbar.<\/li>\n<li>Einen Stift und etwas Papier.<\/li>\n<li>Eine Schere<\/li>\n<\/ul>\n<p>&nbsp;<\/p>\n<p><strong>Was ist dabei?<\/strong><\/p>\n<ul>\n<li>Anleitung und Einf\u00fchrung zum Spiel<\/li>\n<li>Das spiel als PDF zum drucken.<\/li>\n<li>Unsere Escape Nights App, die kostenlos im Google Play Store und App store heruntergeladen werden kann.<\/li>\n<\/ul>\n","protected":false},"excerpt":{"rendered":"<p class=\"has-text-align-center has-medium-font-size\" style=\"text-align: left;\">Habt ihr das Zeug dazu, aus einem Hochsicherheitsgef\u00e4ngnis auszubrechen?<\/p>\n<p class=\"has-text-align-center has-medium-font-size\" style=\"text-align: left;\">Das Escape Spiel &#8222;Das Gef\u00e4ngnis&#8220; ist perfekt f\u00fcr alle, die bereit sind f\u00fcr einen spannenden Ausbruch aus dem Hochsicherheitsgef\u00e4ngnis!<\/p>\n<p style=\"text-align: left;\">\n","protected":false},"featured_media":2128,"comment_status":"open","ping_status":"closed","template":"","meta":[],"product_brand":[],"product_cat":[58],"product_tag":[],"class_list":{"0":"post-1662","1":"product","2":"type-product","3":"status-publish","4":"has-post-thumbnail","6":"product_cat-druckbares-escape-game","8":"first","9":"instock","10":"downloadable","11":"virtual","12":"sold-individually","13":"taxable","14":"purchasable","15":"product-type-simple"},"_links":{"self":[{"href":"https:\/\/escape-nights.com\/de\/wp-json\/wp\/v2\/product\/1662","targetHints":{"allow":["GET"]}}],"collection":[{"href":"https:\/\/escape-nights.com\/de\/wp-json\/wp\/v2\/product"}],"about":[{"href":"https:\/\/escape-nights.com\/de\/wp-json\/wp\/v2\/types\/product"}],"replies":[{"embeddable":true,"href":"https:\/\/escape-nights.com\/de\/wp-json\/wp\/v2\/comments?post=1662"}],"wp:featuredmedia":[{"embeddable":true,"href":"https:\/\/escape-nights.com\/de\/wp-json\/wp\/v2\/media\/2128"}],"wp:attachment":[{"href":"https:\/\/escape-nights.com\/de\/wp-json\/wp\/v2\/media?parent=1662"}],"wp:term":[{"taxonomy":"product_brand","embeddable":true,"href":"https:\/\/escape-nights.com\/de\/wp-json\/wp\/v2\/product_brand?post=1662"},{"taxonomy":"product_cat","embeddable":true,"href":"https:\/\/escape-nights.com\/de\/wp-json\/wp\/v2\/product_cat?post=1662"},{"taxonomy":"product_tag","embeddable":true,"href":"https:\/\/escape-nights.com\/de\/wp-json\/wp\/v2\/product_tag?post=1662"}],"curies":[{"name":"wp","href":"https:\/\/api.w.org\/{rel}","templated":true}]}}