{"id":1326,"date":"2023-05-23T19:12:20","date_gmt":"2023-05-23T19:12:20","guid":{"rendered":"https:\/\/escape-nights.com\/product\/hoehle-der-meerjungfrauen\/"},"modified":"2025-12-08T09:43:21","modified_gmt":"2025-12-08T09:43:21","slug":"the-mermaid-cave","status":"publish","type":"product","link":"https:\/\/escape-nights.com\/de\/produkt\/the-mermaid-cave\/","title":{"rendered":"Die H\u00f6hle der Meerjungfrau &#8211; Digitale Version"},"content":{"rendered":"<p>Du und deine Freunde habt eine geheimnisvolle Meerjungfrauenh\u00f6hle entdeckt. Der Eingang wird von Meermenschen bewacht, die daf\u00fcr bekannt sind, unschuldige Entdecker anzulocken und in eine Fall zu sperren. Sie sperren euch in eine geheimnisvolle H\u00f6hle tief unter dem Wasserspiegel mit einer ganzen Reihe an R\u00e4tseln, die es zu l\u00f6sen gilt, bevor die Meermenschen zur\u00fcck kehren. Ihr habt nur 60 Minuten Zeit die R\u00e4tsel zu l\u00f6sen um zu entkommen. Teamwork ist essentiell um den Weg heraus zu finden.<\/p>\n<ul>\n<li>Deutlich g\u00fcnstiger als herk\u00f6mmliche Escape R\u00e4ume<\/li>\n<li>Eine beliebige Anzahl an G\u00e4sten kann mitspielen<\/li>\n<li>Bestes Preis-Leistungsverh\u00e4ltnis<\/li>\n<li>Umweltfreundlich<\/li>\n<li>Extrem praktisch und bequem<\/li>\n<\/ul>\n<p>&nbsp;<\/p>\n<h3><strong>Das ist die digitale Version. Das Spielmaterial muss selbst gedruckt werden! <\/strong><\/h3>\n<p>&nbsp;<\/p>\n<p><strong>Was braucht man daf\u00fcr?<\/strong><\/p>\n<ul>\n<li>Ein Handy oder Tablet mit Internetzugang<\/li>\n<li>Internet<\/li>\n<li>Unsere App &#8222;Escape Nights&#8220; auf Ihrem Telefon installiert (die App-Version f\u00fcr das iPhone ist derzeit NICHT verf\u00fcgbar)<\/li>\n<li>Einen Stift und etwas Papier.<\/li>\n<li>Eine Schere<\/li>\n<\/ul>\n<p><strong>Was ist dabei?<\/strong><\/p>\n<ul>\n<li>Einf\u00fchrung und Anleitung zum Spiel<\/li>\n<li>Das Spiel als pdf zum Ausdrucken<\/li>\n<li>Unsere Escape Nights App, die kostenlos im Google Play Store und App store heruntergeladen werden kann.<\/li>\n<\/ul>\n<p>&nbsp;<\/p>\n","protected":false},"excerpt":{"rendered":"<p class=\"has-text-align-center has-medium-font-size\" style=\"text-align: left;\">Seid ihr bereit f\u00fcr ein Abenteuer in der H\u00f6hle der Meerjungfrauen?<\/p>\n<p class=\"has-text-align-center has-medium-font-size\" style=\"text-align: left;\">Das Escape Spiel &#8222;H\u00f6hle der Meerjungfrauen&#8220; ist perfekt geeignet f\u00fcr Anf\u00e4nger und Familien mit jungen Kindern.<\/p>\n","protected":false},"featured_media":1288,"comment_status":"open","ping_status":"closed","template":"","meta":[],"product_brand":[],"product_cat":[58],"product_tag":[],"class_list":{"0":"post-1326","1":"product","2":"type-product","3":"status-publish","4":"has-post-thumbnail","6":"product_cat-druckbares-escape-game","8":"first","9":"instock","10":"downloadable","11":"virtual","12":"sold-individually","13":"taxable","14":"purchasable","15":"product-type-simple"},"_links":{"self":[{"href":"https:\/\/escape-nights.com\/de\/wp-json\/wp\/v2\/product\/1326","targetHints":{"allow":["GET"]}}],"collection":[{"href":"https:\/\/escape-nights.com\/de\/wp-json\/wp\/v2\/product"}],"about":[{"href":"https:\/\/escape-nights.com\/de\/wp-json\/wp\/v2\/types\/product"}],"replies":[{"embeddable":true,"href":"https:\/\/escape-nights.com\/de\/wp-json\/wp\/v2\/comments?post=1326"}],"wp:featuredmedia":[{"embeddable":true,"href":"https:\/\/escape-nights.com\/de\/wp-json\/wp\/v2\/media\/1288"}],"wp:attachment":[{"href":"https:\/\/escape-nights.com\/de\/wp-json\/wp\/v2\/media?parent=1326"}],"wp:term":[{"taxonomy":"product_brand","embeddable":true,"href":"https:\/\/escape-nights.com\/de\/wp-json\/wp\/v2\/product_brand?post=1326"},{"taxonomy":"product_cat","embeddable":true,"href":"https:\/\/escape-nights.com\/de\/wp-json\/wp\/v2\/product_cat?post=1326"},{"taxonomy":"product_tag","embeddable":true,"href":"https:\/\/escape-nights.com\/de\/wp-json\/wp\/v2\/product_tag?post=1326"}],"curies":[{"name":"wp","href":"https:\/\/api.w.org\/{rel}","templated":true}]}}