{"id":1325,"date":"2023-05-23T20:11:18","date_gmt":"2023-05-23T20:11:18","guid":{"rendered":"https:\/\/escape-nights.com\/product\/zirkus-der-wunder\/"},"modified":"2025-12-08T09:47:52","modified_gmt":"2025-12-08T09:47:52","slug":"circus-of-wonders","status":"publish","type":"product","link":"https:\/\/escape-nights.com\/de\/produkt\/circus-of-wonders\/","title":{"rendered":"Zirkus der Wunder &#8211; Digitale Version"},"content":{"rendered":"<p>Du und deine Freunde habt einen wundersamen Zirkus entdeckt. W\u00e4hrend eures Aufenthalts fallen euch ein paar seltsame Dinge auf, und ehe ihr euch verseht, findet ihr euch in einem Zelt wieder aus dem ihr euch &#8222;herausr\u00e4tseln&#8220; sollt. Es gibt verschiedene R\u00e4tsel zu l\u00f6sen, die die einzelnen Zirkusartisten euch stellen, um das Geheimnis um den Zirkus der Wunder zu l\u00fcften.<\/p>\n<ul>\n<li>Eine beliebige Anzahl an G\u00e4sten kann mitspielen<\/li>\n<li>Bestes Preis-Leistungsverh\u00e4ltnis<\/li>\n<li>Umweltfreundlich<\/li>\n<li>Extrem praktisch und bequem<\/li>\n<\/ul>\n<h3><strong>Das ist die digitale Version. Das Spielmaterial muss selbst gedruckt werden! <\/strong><\/h3>\n<p><strong>Was braucht man zum Spielen?<\/strong><\/p>\n<ul>\n<li>Ein Handy oder Tablet mit Internetverbindung<\/li>\n<li>Unsere App &#8222;Escape Nights&#8220; auf dem Ger\u00e4t installiert (die App-Version f\u00fcr das iPhone ist derzeit NICHT verf\u00fcgbar)<\/li>\n<li>Einen Stift und etwas Papier.<\/li>\n<li>Eine Schere<\/li>\n<\/ul>\n<p>&nbsp;<\/p>\n<p><strong>Was ist dabei?<\/strong><\/p>\n<ul>\n<li>Anleitung und Einf\u00fchrung zum Spiel<\/li>\n<li>Das spiel als PDF zum drucken.<\/li>\n<li>Unsere Escape Nights App, die kostenlos im Google Play Store und App store heruntergeladen werden kann.<\/li>\n<\/ul>\n","protected":false},"excerpt":{"rendered":"<p class=\"has-text-align-center has-medium-font-size\">K\u00f6nnt ihr die R\u00e4tsel rund um den Zirkus der Wunder l\u00f6sen?<\/p>\n<p class=\"has-text-align-center has-medium-font-size\">Das Escape Spiel &#8222;Zirkus der Wunder&#8220; ist etwas anspruchsvoller und perfekt f\u00fcr erfahrene Escape Game Spieler und f\u00fcr jeden, der bereit f\u00fcr eine Herausforderung ist.<\/p>\n","protected":false},"featured_media":1282,"comment_status":"open","ping_status":"closed","template":"","meta":[],"product_brand":[],"product_cat":[58],"product_tag":[],"class_list":{"0":"post-1325","1":"product","2":"type-product","3":"status-publish","4":"has-post-thumbnail","6":"product_cat-druckbares-escape-game","8":"first","9":"instock","10":"downloadable","11":"virtual","12":"sold-individually","13":"taxable","14":"purchasable","15":"product-type-simple"},"_links":{"self":[{"href":"https:\/\/escape-nights.com\/de\/wp-json\/wp\/v2\/product\/1325","targetHints":{"allow":["GET"]}}],"collection":[{"href":"https:\/\/escape-nights.com\/de\/wp-json\/wp\/v2\/product"}],"about":[{"href":"https:\/\/escape-nights.com\/de\/wp-json\/wp\/v2\/types\/product"}],"replies":[{"embeddable":true,"href":"https:\/\/escape-nights.com\/de\/wp-json\/wp\/v2\/comments?post=1325"}],"wp:featuredmedia":[{"embeddable":true,"href":"https:\/\/escape-nights.com\/de\/wp-json\/wp\/v2\/media\/1282"}],"wp:attachment":[{"href":"https:\/\/escape-nights.com\/de\/wp-json\/wp\/v2\/media?parent=1325"}],"wp:term":[{"taxonomy":"product_brand","embeddable":true,"href":"https:\/\/escape-nights.com\/de\/wp-json\/wp\/v2\/product_brand?post=1325"},{"taxonomy":"product_cat","embeddable":true,"href":"https:\/\/escape-nights.com\/de\/wp-json\/wp\/v2\/product_cat?post=1325"},{"taxonomy":"product_tag","embeddable":true,"href":"https:\/\/escape-nights.com\/de\/wp-json\/wp\/v2\/product_tag?post=1325"}],"curies":[{"name":"wp","href":"https:\/\/api.w.org\/{rel}","templated":true}]}}