{"id":2099,"date":"2018-02-25T17:59:10","date_gmt":"2018-02-25T17:59:10","guid":{"rendered":"https:\/\/escape-nights.com\/ueber-uns-2\/"},"modified":"2024-08-30T22:46:00","modified_gmt":"2024-08-30T22:46:00","slug":"ueber-uns-2","status":"publish","type":"page","link":"https:\/\/escape-nights.com\/de\/ueber-uns-2\/","title":{"rendered":"\u00dcber Uns"},"content":{"rendered":"\t\t<div data-elementor-type=\"wp-page\" data-elementor-id=\"2099\" class=\"elementor elementor-2099 elementor-1898\" data-elementor-post-type=\"page\">\n\t\t\t\t<div class=\"elementor-element elementor-element-a2f5663 e-flex e-con-boxed e-con e-parent\" data-id=\"a2f5663\" data-element_type=\"container\" data-e-type=\"container\">\n\t\t\t\t\t<div class=\"e-con-inner\">\n\t\t<div class=\"elementor-element elementor-element-f6dfccc e-con-full e-flex e-con e-child\" data-id=\"f6dfccc\" data-element_type=\"container\" data-e-type=\"container\">\n\t\t\t\t<div class=\"elementor-element elementor-element-152e2c0 elementor-widget elementor-widget-image\" data-id=\"152e2c0\" data-element_type=\"widget\" data-e-type=\"widget\" data-widget_type=\"image.default\">\n\t\t\t\t<div class=\"elementor-widget-container\">\n\t\t\t\t\t\t\t\t\t\t\t\t\t\t\t<img fetchpriority=\"high\" decoding=\"async\" width=\"512\" height=\"512\" src=\"https:\/\/escape-nights.com\/wp-content\/uploads\/2023\/04\/cropped-cropped-Excape-nights.logo_.png\" class=\"attachment-large size-large wp-image-1527\" alt=\"\" srcset=\"https:\/\/escape-nights.com\/wp-content\/uploads\/2023\/04\/cropped-cropped-Excape-nights.logo_.png 512w, https:\/\/escape-nights.com\/wp-content\/uploads\/2023\/04\/cropped-cropped-Excape-nights.logo_-300x300.png 300w, https:\/\/escape-nights.com\/wp-content\/uploads\/2023\/04\/cropped-cropped-Excape-nights.logo_-150x150.png 150w, https:\/\/escape-nights.com\/wp-content\/uploads\/2023\/04\/cropped-cropped-Excape-nights.logo_-100x100.png 100w, https:\/\/escape-nights.com\/wp-content\/uploads\/2023\/04\/cropped-cropped-Excape-nights.logo_-270x270.png 270w, https:\/\/escape-nights.com\/wp-content\/uploads\/2023\/04\/cropped-cropped-Excape-nights.logo_-192x192.png 192w, https:\/\/escape-nights.com\/wp-content\/uploads\/2023\/04\/cropped-cropped-Excape-nights.logo_-180x180.png 180w, https:\/\/escape-nights.com\/wp-content\/uploads\/2023\/04\/cropped-cropped-Excape-nights.logo_-32x32.png 32w\" sizes=\"(max-width: 512px) 100vw, 512px\" \/>\t\t\t\t\t\t\t\t\t\t\t\t\t\t\t<\/div>\n\t\t\t\t<\/div>\n\t\t\t\t<\/div>\n\t\t<div class=\"elementor-element elementor-element-c8b0513 e-con-full e-flex e-con e-child\" data-id=\"c8b0513\" data-element_type=\"container\" data-e-type=\"container\">\n\t\t\t\t<div class=\"elementor-element elementor-element-949fcb8 elementor-widget elementor-widget-heading\" data-id=\"949fcb8\" data-element_type=\"widget\" data-e-type=\"widget\" data-widget_type=\"heading.default\">\n\t\t\t\t<div class=\"elementor-widget-container\">\n\t\t\t\t\t<h2 class=\"elementor-heading-title elementor-size-default\">\u00dcber Uns<\/h2>\t\t\t\t<\/div>\n\t\t\t\t<\/div>\n\t\t\t\t<div class=\"elementor-element elementor-element-e17e6b9 elementor-widget elementor-widget-text-editor\" data-id=\"e17e6b9\" data-element_type=\"widget\" data-e-type=\"widget\" data-widget_type=\"text-editor.default\">\n\t\t\t\t<div class=\"elementor-widget-container\">\n\t\t\t\t\t\t\t\t\t<p>Escape Nights wurde von Lisa und Valentin im Jahr 2023 gegr\u00fcndet.<br \/>\nLisa und Valentin sind beide Freiberufler, die seit \u00fcber 9 Jahren in der Escape Game-Branche t\u00e4tig sind.<br \/>\nSie haben mehrere Fluchtspiele entwickelt und gebaut und beschlossen im Jahr 2022, ihre eigenen Fluchtspiele f\u00fcr zu Hause zu entwickeln.<br \/>\nNach \u00fcber einem Jahr der Planung und Gestaltung brachten sie 2023 ihre ersten druckbaren Escape Games heraus und verkaufen seit 2024 physische Escape Games.   <\/p>\n\t\t\t\t\t\t\t\t<\/div>\n\t\t\t\t<\/div>\n\t\t\t\t<\/div>\n\t\t\t\t\t<\/div>\n\t\t\t\t<\/div>\n\t\t\t\t<\/div>\n\t\t","protected":false},"excerpt":{"rendered":"<p>\u00dcber Uns Escape Nights wurde von Lisa und Valentin im Jahr 2023 gegr\u00fcndet. Lisa und Valentin sind beide Freiberufler, die seit \u00fcber 9 Jahren in der Escape Game-Branche t\u00e4tig sind. Sie haben mehrere Fluchtspiele entwickelt und gebaut und beschlossen im Jahr 2022, ihre eigenen Fluchtspiele f\u00fcr zu Hause zu entwickeln. Nach \u00fcber einem Jahr der &#8230; <a title=\"\u00dcber Uns\" class=\"read-more\" href=\"https:\/\/escape-nights.com\/de\/ueber-uns-2\/\" aria-label=\"Mehr Informationen \u00fcber \u00dcber Uns\">Weiterlesen<\/a><\/p>\n","protected":false},"author":1,"featured_media":0,"parent":0,"menu_order":0,"comment_status":"closed","ping_status":"closed","template":"","meta":{"footnotes":""},"class_list":["post-2099","page","type-page","status-publish"],"_links":{"self":[{"href":"https:\/\/escape-nights.com\/de\/wp-json\/wp\/v2\/pages\/2099","targetHints":{"allow":["GET"]}}],"collection":[{"href":"https:\/\/escape-nights.com\/de\/wp-json\/wp\/v2\/pages"}],"about":[{"href":"https:\/\/escape-nights.com\/de\/wp-json\/wp\/v2\/types\/page"}],"author":[{"embeddable":true,"href":"https:\/\/escape-nights.com\/de\/wp-json\/wp\/v2\/users\/1"}],"replies":[{"embeddable":true,"href":"https:\/\/escape-nights.com\/de\/wp-json\/wp\/v2\/comments?post=2099"}],"version-history":[{"count":1,"href":"https:\/\/escape-nights.com\/de\/wp-json\/wp\/v2\/pages\/2099\/revisions"}],"predecessor-version":[{"id":2100,"href":"https:\/\/escape-nights.com\/de\/wp-json\/wp\/v2\/pages\/2099\/revisions\/2100"}],"wp:attachment":[{"href":"https:\/\/escape-nights.com\/de\/wp-json\/wp\/v2\/media?parent=2099"}],"curies":[{"name":"wp","href":"https:\/\/api.w.org\/{rel}","templated":true}]}}