{"id":1307,"date":"2023-05-30T12:45:20","date_gmt":"2023-05-30T12:45:20","guid":{"rendered":"https:\/\/escape-nights.com\/versand\/"},"modified":"2025-12-08T10:43:42","modified_gmt":"2025-12-08T10:43:42","slug":"versand","status":"publish","type":"page","link":"https:\/\/escape-nights.com\/de\/versand\/","title":{"rendered":"Versand"},"content":{"rendered":"\n<p>Die gekauften digitalen Artikel k\u00f6nnen direkt nach dem erfolgreich abgeschlossenen Kauf heruntergeladen werden. Alternativ k\u00f6nnen Sie die pdf-Dokumente auch \u00fcber einen Download-Link in der Bestellbest\u00e4tigungs-E-Mail herunterladen, die Ihnen nach dem Kauf zugesandt wird, oder nachdem Sie sich mit Ihren Zugangsdaten auf escape-nights.com angemeldet haben. <\/p>\n\n<p>Physische Produkte werden innerhalb von 3 Tagen per DHL Gro\u00dfbrief verschickt.<\/p>\n\n<figure class=\"wp-block-table\"><table class=\"has-fixed-layout\"><tbody><tr><td class=\"has-text-align-center\" data-align=\"center\"><strong>Versandmethode<\/strong><\/td><td class=\"has-text-align-center\" data-align=\"center\"><strong>Kosten<\/strong><\/td><\/tr><tr><td class=\"has-text-align-center\" data-align=\"center\">DHL Gro\u00dfbrief<\/td><td class=\"has-text-align-center\" data-align=\"center\">1.80 \u20ac<\/td><\/tr><\/tbody><\/table><\/figure>\n\n<p><\/p>\n","protected":false},"excerpt":{"rendered":"<p>Die gekauften digitalen Artikel k\u00f6nnen direkt nach dem erfolgreich abgeschlossenen Kauf heruntergeladen werden. Alternativ k\u00f6nnen Sie die pdf-Dokumente auch \u00fcber einen Download-Link in der Bestellbest\u00e4tigungs-E-Mail herunterladen, die Ihnen nach dem Kauf zugesandt wird, oder nachdem Sie sich mit Ihren Zugangsdaten auf escape-nights.com angemeldet haben. Physische Produkte werden innerhalb von 3 Tagen per DHL Gro\u00dfbrief verschickt. &#8230; <a title=\"Versand\" class=\"read-more\" href=\"https:\/\/escape-nights.com\/de\/versand\/\" aria-label=\"Mehr Informationen \u00fcber Versand\">Weiterlesen<\/a><\/p>\n","protected":false},"author":1,"featured_media":0,"parent":0,"menu_order":0,"comment_status":"closed","ping_status":"closed","template":"","meta":{"footnotes":""},"class_list":["post-1307","page","type-page","status-publish"],"_links":{"self":[{"href":"https:\/\/escape-nights.com\/de\/wp-json\/wp\/v2\/pages\/1307","targetHints":{"allow":["GET"]}}],"collection":[{"href":"https:\/\/escape-nights.com\/de\/wp-json\/wp\/v2\/pages"}],"about":[{"href":"https:\/\/escape-nights.com\/de\/wp-json\/wp\/v2\/types\/page"}],"author":[{"embeddable":true,"href":"https:\/\/escape-nights.com\/de\/wp-json\/wp\/v2\/users\/1"}],"replies":[{"embeddable":true,"href":"https:\/\/escape-nights.com\/de\/wp-json\/wp\/v2\/comments?post=1307"}],"version-history":[{"count":2,"href":"https:\/\/escape-nights.com\/de\/wp-json\/wp\/v2\/pages\/1307\/revisions"}],"predecessor-version":[{"id":2244,"href":"https:\/\/escape-nights.com\/de\/wp-json\/wp\/v2\/pages\/1307\/revisions\/2244"}],"wp:attachment":[{"href":"https:\/\/escape-nights.com\/de\/wp-json\/wp\/v2\/media?parent=1307"}],"curies":[{"name":"wp","href":"https:\/\/api.w.org\/{rel}","templated":true}]}}