{"id":1265,"date":"2023-05-01T07:11:07","date_gmt":"2023-05-01T07:11:07","guid":{"rendered":"https:\/\/escape-nights.com\/haeufig-gestellte-fragen\/"},"modified":"2024-08-30T22:47:15","modified_gmt":"2024-08-30T22:47:15","slug":"haeufig-gestellte-fragen","status":"publish","type":"page","link":"https:\/\/escape-nights.com\/de\/haeufig-gestellte-fragen\/","title":{"rendered":"H\u00e4ufig gestellte Fragen"},"content":{"rendered":"\t\t<div data-elementor-type=\"wp-page\" data-elementor-id=\"1265\" class=\"elementor elementor-1265 elementor-767\" data-elementor-post-type=\"page\">\n\t\t\t\t<div class=\"elementor-element elementor-element-536843bd e-con-full e-flex e-con e-parent\" data-id=\"536843bd\" data-element_type=\"container\" data-e-type=\"container\" data-settings=\"{&quot;background_background&quot;:&quot;classic&quot;}\">\n\t\t\t\t<div class=\"elementor-element elementor-element-65ae4751 elementor-widget elementor-widget-heading\" data-id=\"65ae4751\" data-element_type=\"widget\" data-e-type=\"widget\" data-widget_type=\"heading.default\">\n\t\t\t\t<div class=\"elementor-widget-container\">\n\t\t\t\t\t<h2 class=\"elementor-heading-title elementor-size-default\">FAQ<\/h2>\t\t\t\t<\/div>\n\t\t\t\t<\/div>\n\t\t<div class=\"elementor-element elementor-element-634c2c4 e-con-full e-flex e-con e-child\" data-id=\"634c2c4\" data-element_type=\"container\" data-e-type=\"container\">\n\t\t\t\t<div class=\"elementor-element elementor-element-21109b75 elementor-widget__width-initial elementor-widget-tablet__width-inherit elementor-widget elementor-widget-toggle\" data-id=\"21109b75\" data-element_type=\"widget\" data-e-type=\"widget\" data-widget_type=\"toggle.default\">\n\t\t\t\t<div class=\"elementor-widget-container\">\n\t\t\t\t\t\t\t<div class=\"elementor-toggle\">\n\t\t\t\t\t\t\t<div class=\"elementor-toggle-item\">\n\t\t\t\t\t<h4 id=\"elementor-tab-title-5541\" class=\"elementor-tab-title\" data-tab=\"1\" role=\"button\" aria-controls=\"elementor-tab-content-5541\" aria-expanded=\"false\">\n\t\t\t\t\t\t\t\t\t\t\t\t<a class=\"elementor-toggle-title\" tabindex=\"0\">Warum gibt es eine Druckbare und eine Physische Version?<\/a>\n\t\t\t\t\t<\/h4>\n\n\t\t\t\t\t<div id=\"elementor-tab-content-5541\" class=\"elementor-tab-content elementor-clearfix\" data-tab=\"1\" role=\"region\" aria-labelledby=\"elementor-tab-title-5541\"><p>Die herunterladbare Version ist zwar preiswerter, aber Sie m\u00fcssen sie selbst ausdrucken, um das Spiel zu genie\u00dfen.<br \/>\nIm Gegensatz dazu ist die physische Version professionell auf hochwertigem Papier gedruckt und enth\u00e4lt zus\u00e4tzliche physische Gegenst\u00e4nde f\u00fcr ein noch intensiveres Spielerlebnis. <\/p>\n<\/div>\n\t\t\t\t<\/div>\n\t\t\t\t\t\t\t<div class=\"elementor-toggle-item\">\n\t\t\t\t\t<h4 id=\"elementor-tab-title-5542\" class=\"elementor-tab-title\" data-tab=\"2\" role=\"button\" aria-controls=\"elementor-tab-content-5542\" aria-expanded=\"false\">\n\t\t\t\t\t\t\t\t\t\t\t\t<a class=\"elementor-toggle-title\" tabindex=\"0\">Was brauche ich zus\u00e4tzlich um spielen zu k\u00f6nnen?<\/a>\n\t\t\t\t\t<\/h4>\n\n\t\t\t\t\t<div id=\"elementor-tab-content-5542\" class=\"elementor-tab-content elementor-clearfix\" data-tab=\"2\" role=\"region\" aria-labelledby=\"elementor-tab-title-5542\"><p>Sie ben\u00f6tigen einen Stift, etwas Papier, eine Schere und einen Farbdrucker, wenn Sie die herunterladbare Version haben.<br \/>\nAu\u00dferdem finden Sie auf den ersten Seiten jedes Spiels eine Anleitung, die Ihnen genau erkl\u00e4rt, wie Sie das Spiel einrichten und was Sie zum Spielen ben\u00f6tigen. <\/p>\n<\/div>\n\t\t\t\t<\/div>\n\t\t\t\t\t\t\t<div class=\"elementor-toggle-item\">\n\t\t\t\t\t<h4 id=\"elementor-tab-title-5543\" class=\"elementor-tab-title\" data-tab=\"3\" role=\"button\" aria-controls=\"elementor-tab-content-5543\" aria-expanded=\"false\">\n\t\t\t\t\t\t\t\t\t\t\t\t<a class=\"elementor-toggle-title\" tabindex=\"0\">Kann ich auch alleine spielen?<\/a>\n\t\t\t\t\t<\/h4>\n\n\t\t\t\t\t<div id=\"elementor-tab-content-5543\" class=\"elementor-tab-content elementor-clearfix\" data-tab=\"3\" role=\"region\" aria-labelledby=\"elementor-tab-title-5543\"><p>Unsere Spiele sind designed um mit einer Gruppe gespielt zu werden, aber alle unsere Spiele k\u00f6nnen auch alleine gespielt werden. Das beste Spielerlebnis wirst du in einer Gruppe von 2-4 Personen haben.<\/p>\n<\/div>\n\t\t\t\t<\/div>\n\t\t\t\t\t\t\t<div class=\"elementor-toggle-item\">\n\t\t\t\t\t<h4 id=\"elementor-tab-title-5544\" class=\"elementor-tab-title\" data-tab=\"4\" role=\"button\" aria-controls=\"elementor-tab-content-5544\" aria-expanded=\"false\">\n\t\t\t\t\t\t\t\t\t\t\t\t<a class=\"elementor-toggle-title\" tabindex=\"0\">K\u00f6nnen die Spiele mehrmals gespielt werden?<\/a>\n\t\t\t\t\t<\/h4>\n\n\t\t\t\t\t<div id=\"elementor-tab-content-5544\" class=\"elementor-tab-content elementor-clearfix\" data-tab=\"4\" role=\"region\" aria-labelledby=\"elementor-tab-title-5544\"><p>Unsere Spiele sind so konzipiert, dass sie mehrfach gespielt werden k\u00f6nnen.<br \/>\nDie druckbare Version kann leicht nachgedruckt werden, w\u00e4hrend die physische Ausgabe mehrere Spiele ohne zus\u00e4tzlichen Aufwand erm\u00f6glicht. <\/p>\n<\/div>\n\t\t\t\t<\/div>\n\t\t\t\t\t\t\t\t<\/div>\n\t\t\t\t\t\t<\/div>\n\t\t\t\t<\/div>\n\t\t\t\t<div class=\"elementor-element elementor-element-57676ac3 elementor-widget__width-initial elementor-widget-tablet__width-inherit elementor-widget elementor-widget-toggle\" data-id=\"57676ac3\" data-element_type=\"widget\" data-e-type=\"widget\" data-widget_type=\"toggle.default\">\n\t\t\t\t<div class=\"elementor-widget-container\">\n\t\t\t\t\t\t\t<div class=\"elementor-toggle\">\n\t\t\t\t\t\t\t<div class=\"elementor-toggle-item\">\n\t\t\t\t\t<h4 id=\"elementor-tab-title-1461\" class=\"elementor-tab-title\" data-tab=\"1\" role=\"button\" aria-controls=\"elementor-tab-content-1461\" aria-expanded=\"false\">\n\t\t\t\t\t\t\t\t\t\t\t\t<a class=\"elementor-toggle-title\" tabindex=\"0\">Wie bekomme ich Hilfe wenn ich ein R\u00e4tsel nicht l\u00f6sen kann?<\/a>\n\t\t\t\t\t<\/h4>\n\n\t\t\t\t\t<div id=\"elementor-tab-content-1461\" class=\"elementor-tab-content elementor-clearfix\" data-tab=\"1\" role=\"region\" aria-labelledby=\"elementor-tab-title-1461\"><p>In der App finden Sie hilfreiche Tipps f\u00fcr jedes R\u00e4tsel.<br \/>\nAber es gibt auch Schritt f\u00fcr Schritt L\u00f6sungen f\u00fcr jedes R\u00e4tsel, die Sie mit dem Spiel als PDF-Datei erhalten. <\/p>\n<\/div>\n\t\t\t\t<\/div>\n\t\t\t\t\t\t\t<div class=\"elementor-toggle-item\">\n\t\t\t\t\t<h4 id=\"elementor-tab-title-1462\" class=\"elementor-tab-title\" data-tab=\"2\" role=\"button\" aria-controls=\"elementor-tab-content-1462\" aria-expanded=\"false\">\n\t\t\t\t\t\t\t\t\t\t\t\t<a class=\"elementor-toggle-title\" tabindex=\"0\">Was macht die App?<\/a>\n\t\t\t\t\t<\/h4>\n\n\t\t\t\t\t<div id=\"elementor-tab-content-1462\" class=\"elementor-tab-content elementor-clearfix\" data-tab=\"2\" role=\"region\" aria-labelledby=\"elementor-tab-title-1462\"><p>Die App verf\u00fcgt \u00fcber eine breite Palette von Funktionen, darunter digitale R\u00e4tsel und solche, die Augmented Reality (AR) f\u00fcr ein intensives Erlebnis beinhalten.<br \/>\nAu\u00dferdem stoppt die App Ihre Zeit, gibt bei Bedarf Hinweise und spielt Musik ab. <\/p>\n<\/div>\n\t\t\t\t<\/div>\n\t\t\t\t\t\t\t\t<\/div>\n\t\t\t\t\t\t<\/div>\n\t\t\t\t<\/div>\n\t\t\t\t<\/div>\n\t\t\t\t<\/div>\n\t\t\t\t<\/div>\n\t\t","protected":false},"excerpt":{"rendered":"<p>FAQ Warum gibt es eine Druckbare und eine Physische Version? Die herunterladbare Version ist zwar preiswerter, aber Sie m\u00fcssen sie selbst ausdrucken, um das Spiel zu genie\u00dfen. Im Gegensatz dazu ist die physische Version professionell auf hochwertigem Papier gedruckt und enth\u00e4lt zus\u00e4tzliche physische Gegenst\u00e4nde f\u00fcr ein noch intensiveres Spielerlebnis. Was brauche ich zus\u00e4tzlich um spielen &#8230; <a title=\"H\u00e4ufig gestellte Fragen\" class=\"read-more\" href=\"https:\/\/escape-nights.com\/de\/haeufig-gestellte-fragen\/\" aria-label=\"Mehr Informationen \u00fcber H\u00e4ufig gestellte Fragen\">Weiterlesen<\/a><\/p>\n","protected":false},"author":2,"featured_media":0,"parent":0,"menu_order":0,"comment_status":"closed","ping_status":"closed","template":"","meta":{"footnotes":""},"class_list":["post-1265","page","type-page","status-publish"],"_links":{"self":[{"href":"https:\/\/escape-nights.com\/de\/wp-json\/wp\/v2\/pages\/1265","targetHints":{"allow":["GET"]}}],"collection":[{"href":"https:\/\/escape-nights.com\/de\/wp-json\/wp\/v2\/pages"}],"about":[{"href":"https:\/\/escape-nights.com\/de\/wp-json\/wp\/v2\/types\/page"}],"author":[{"embeddable":true,"href":"https:\/\/escape-nights.com\/de\/wp-json\/wp\/v2\/users\/2"}],"replies":[{"embeddable":true,"href":"https:\/\/escape-nights.com\/de\/wp-json\/wp\/v2\/comments?post=1265"}],"version-history":[{"count":4,"href":"https:\/\/escape-nights.com\/de\/wp-json\/wp\/v2\/pages\/1265\/revisions"}],"predecessor-version":[{"id":2102,"href":"https:\/\/escape-nights.com\/de\/wp-json\/wp\/v2\/pages\/1265\/revisions\/2102"}],"wp:attachment":[{"href":"https:\/\/escape-nights.com\/de\/wp-json\/wp\/v2\/media?parent=1265"}],"curies":[{"name":"wp","href":"https:\/\/api.w.org\/{rel}","templated":true}]}}